{"id":1090,"date":"2024-09-07T23:25:32","date_gmt":"2024-09-07T23:25:32","guid":{"rendered":"http:\/\/liid.local\/vesti\/"},"modified":"2025-08-28T23:16:56","modified_gmt":"2025-08-28T23:16:56","slug":"news","status":"publish","type":"page","link":"https:\/\/liid.mgsi.gov.rs\/en\/news\/","title":{"rendered":"News"},"content":{"rendered":"\r\n    <section class=\"hero\">\r\n        <div class=\"hero__top-section\">\r\n                            <div class=\"swiper hero__slider\">\r\n                    <div class=\"swiper-wrapper\">\r\n                                                    <div class=\"swiper-slide\">\r\n                                <img decoding=\"async\" src=\"https:\/\/liid.mgsi.gov.rs\/wp-content\/uploads\/2025\/08\/o-nama-1-scaled.png\" alt=\"\">\r\n                            <\/div>\r\n                                            <\/div>\r\n                <\/div>\r\n                        <div class=\"hero__gradient-holder center \">\r\n                <div class=\"container\">\r\n                    <div class=\"hero__content\">\r\n                        <h1 class=\"h1\">News<\/h1>\r\n                                                                            <a class=\"hero__logo\"\r\n                               href=\"https:\/\/liid.mgsi.gov.rs\/en\/\">\r\n                                <img decoding=\"async\" class=\"header__logo-img\"\r\n                                     src=\"https:\/\/liid.mgsi.gov.rs\/wp-content\/uploads\/2025\/03\/Logo_Liid_heder.gif\"\r\n                                     alt=\"\">\r\n                            <\/a>\r\n                                            <\/div>\r\n                <\/div>\r\n            <\/div>\r\n        <\/div>\r\n            <\/section>\r\n    \r\n\n\n\n<section class=\"archive-posts\">\n  <div class=\"container\">\n          <div class=\"title-holder\">\n        <h2 class=\"h3\">News<\/h2>\n      <\/div>\n    \n    <div class=\"archive-posts__holder \"\n         data-page-id=\"1090\">\n      \r\n<article class=\"card-post card-post--featured\">\r\n    <img decoding=\"async\" class=\"card-post__img\"\r\n         src=\"https:\/\/liid.mgsi.gov.rs\/wp-content\/uploads\/2026\/04\/image21-1024x753.png\"\r\n         alt=\"\">\r\n    <div class=\"card-post__text\">\r\n        <h3 class=\"card-post__date h4\">15.Apr 2026.<\/h3>\r\n        <a class=\"card-post__title_link\" href=\"https:\/\/liid.mgsi.gov.rs\/en\/completed-redevelopment-of-the-school-yard-at-dositej-obradovic-primary-school-in-cicevac\/\"><h3\r\n                    class=\"card-post__title\">COMPLETED REDEVELOPMENT OF THE SCHOOL YARD AT \u201cDOSITEJ OBRADOVI\u0106\u201d PRIMARY SCHOOL IN \u0106I\u0106EVAC<\/h3><\/a>\r\n        <div class=\"card-post__excerpt\"><p>Within the framework of the LIID Project, the initiative focused on the landscaping and redevelopment of the school yard at \u201cDositej Obradovi\u0107\u201d Primary School in \u0106i\u0107evac has been successfully completed, including the adaptation of access for persons with disabilities. The implementation of this project has transformed the school yard through the reconstruction of existing and [&hellip;]<\/p>\n<\/div>\r\n        <a class=\"btn btn-orange\" href=\"https:\/\/liid.mgsi.gov.rs\/en\/completed-redevelopment-of-the-school-yard-at-dositej-obradovic-primary-school-in-cicevac\/\">\r\n            Read more            <svg xmlns=\"http:\/\/www.w3.org\/2000\/svg\" width=\"59\" height=\"17\" viewBox=\"0 0 59 17\" fill=\"none\">\r\n                <rect x=\"-0.25\" y=\"0.25\" width=\"57.5\" height=\"0.5\" transform=\"matrix(-1 0 0 1 57.6149 8.06323)\"\r\n                      fill=\"#D9D9D9\" stroke=\"#F15B2B\" stroke-width=\"0.5\"\/>\r\n                <path d=\"M51.9282 1.06323L57.7282 8.56323L51.9282 16.0632\" stroke=\"#F15B2B\"\/>\r\n            <\/svg>\r\n        <\/a>\r\n    <\/div>\r\n<\/article>\r\n\r\n\r\n\r\n\r\n<article class=\"card-post \">\r\n    <img decoding=\"async\" class=\"card-post__img\"\r\n         src=\"https:\/\/liid.mgsi.gov.rs\/wp-content\/uploads\/2026\/04\/image55-768x1024.jpg\"\r\n         alt=\"\">\r\n    <div class=\"card-post__text\">\r\n        <h3 class=\"card-post__date h4\">15.Apr 2026.<\/h3>\r\n        <a class=\"card-post__title_link\" href=\"https:\/\/liid.mgsi.gov.rs\/en\/completed-works-on-cycling-and-pedestrian-pathways-in-sombor\/\"><h3\r\n                    class=\"card-post__title\">COMPLETED WORKS ON CYCLING AND PEDESTRIAN PATHWAYS IN SOMBOR<\/h3><\/a>\r\n        <div class=\"card-post__excerpt\"><p>Within the framework of the LIID Project, works on the construction of cycling infrastructure along XII Vojvo\u0111anske Udarne Brigade Street and Staparski Road in Sombor have been successfully completed. The implementation of these projects has improved conditions for both pedestrians and cyclists through the construction of new pathways and the reconstruction of existing ones, as [&hellip;]<\/p>\n<\/div>\r\n        <a class=\"btn btn-orange\" href=\"https:\/\/liid.mgsi.gov.rs\/en\/completed-works-on-cycling-and-pedestrian-pathways-in-sombor\/\">\r\n            Read more            <svg xmlns=\"http:\/\/www.w3.org\/2000\/svg\" width=\"59\" height=\"17\" viewBox=\"0 0 59 17\" fill=\"none\">\r\n                <rect x=\"-0.25\" y=\"0.25\" width=\"57.5\" height=\"0.5\" transform=\"matrix(-1 0 0 1 57.6149 8.06323)\"\r\n                      fill=\"#D9D9D9\" stroke=\"#F15B2B\" stroke-width=\"0.5\"\/>\r\n                <path d=\"M51.9282 1.06323L57.7282 8.56323L51.9282 16.0632\" stroke=\"#F15B2B\"\/>\r\n            <\/svg>\r\n        <\/a>\r\n    <\/div>\r\n<\/article>\r\n\r\n\r\n\r\n\r\n<article class=\"card-post \">\r\n    <img decoding=\"async\" class=\"card-post__img\"\r\n         src=\"https:\/\/liid.mgsi.gov.rs\/wp-content\/uploads\/2026\/04\/image58-768x576.jpg\"\r\n         alt=\"\">\r\n    <div class=\"card-post__text\">\r\n        <h3 class=\"card-post__date h4\">15.Apr 2026.<\/h3>\r\n        <a class=\"card-post__title_link\" href=\"https:\/\/liid.mgsi.gov.rs\/en\/completed-redevelopment-of-the-pastiriste-sports-complex-in-svrljig\/\"><h3\r\n                    class=\"card-post__title\">COMPLETED REDEVELOPMENT OF THE \u201cPASTIRI\u0160TE\u201d SPORTS COMPLEX IN SVRLJIG<\/h3><\/a>\r\n        <div class=\"card-post__excerpt\"><p>Within the framework of the LIID Project, the initiative titled \u201cExternal Development of the Pastiri\u0161te Sports Complex\u201din the Municipality of Svrljig has been successfully completed. The implementation of this project has enhanced the sports complex area through the improvement of public spaces, creating better conditions for sports, recreation, and everyday use by local residents. The [&hellip;]<\/p>\n<\/div>\r\n        <a class=\"btn btn-orange\" href=\"https:\/\/liid.mgsi.gov.rs\/en\/completed-redevelopment-of-the-pastiriste-sports-complex-in-svrljig\/\">\r\n            Read more            <svg xmlns=\"http:\/\/www.w3.org\/2000\/svg\" width=\"59\" height=\"17\" viewBox=\"0 0 59 17\" fill=\"none\">\r\n                <rect x=\"-0.25\" y=\"0.25\" width=\"57.5\" height=\"0.5\" transform=\"matrix(-1 0 0 1 57.6149 8.06323)\"\r\n                      fill=\"#D9D9D9\" stroke=\"#F15B2B\" stroke-width=\"0.5\"\/>\r\n                <path d=\"M51.9282 1.06323L57.7282 8.56323L51.9282 16.0632\" stroke=\"#F15B2B\"\/>\r\n            <\/svg>\r\n        <\/a>\r\n    <\/div>\r\n<\/article>\r\n\r\n\r\n\r\n\r\n<article class=\"card-post \">\r\n    <img decoding=\"async\" class=\"card-post__img\"\r\n         src=\"https:\/\/liid.mgsi.gov.rs\/wp-content\/uploads\/2026\/04\/image9-e1776260540555.png\"\r\n         alt=\"\">\r\n    <div class=\"card-post__text\">\r\n        <h3 class=\"card-post__date h4\">15.Apr 2026.<\/h3>\r\n        <a class=\"card-post__title_link\" href=\"https:\/\/liid.mgsi.gov.rs\/en\/completed-project-park-redevelopment-and-fountain-construction-in-kula\/\"><h3\r\n                    class=\"card-post__title\">COMPLETED PROJECT: PARK REDEVELOPMENT AND FOUNTAIN CONSTRUCTION IN KULA<\/h3><\/a>\r\n        <div class=\"card-post__excerpt\"><p>Within the framework of the LIID Project, the initiative titled \u201cConstruction of a Fountain in the Park in Kula and Redevelopment of the Park, Including Sections of \u0110ure Strugara and Mar\u0161ala Tita Streets\u201d has been successfully completed. The implementation of this project has significantly enhanced the public space in the central zone of the Municipality [&hellip;]<\/p>\n<\/div>\r\n        <a class=\"btn btn-orange\" href=\"https:\/\/liid.mgsi.gov.rs\/en\/completed-project-park-redevelopment-and-fountain-construction-in-kula\/\">\r\n            Read more            <svg xmlns=\"http:\/\/www.w3.org\/2000\/svg\" width=\"59\" height=\"17\" viewBox=\"0 0 59 17\" fill=\"none\">\r\n                <rect x=\"-0.25\" y=\"0.25\" width=\"57.5\" height=\"0.5\" transform=\"matrix(-1 0 0 1 57.6149 8.06323)\"\r\n                      fill=\"#D9D9D9\" stroke=\"#F15B2B\" stroke-width=\"0.5\"\/>\r\n                <path d=\"M51.9282 1.06323L57.7282 8.56323L51.9282 16.0632\" stroke=\"#F15B2B\"\/>\r\n            <\/svg>\r\n        <\/a>\r\n    <\/div>\r\n<\/article>\r\n\r\n\r\n\r\n\r\n<article class=\"card-post \">\r\n    <img decoding=\"async\" class=\"card-post__img\"\r\n         src=\"https:\/\/liid.mgsi.gov.rs\/wp-content\/uploads\/2026\/03\/liid-placeholder-768x496.png\"\r\n         alt=\"\">\r\n    <div class=\"card-post__text\">\r\n        <h3 class=\"card-post__date h4\">26.Mar 2026.<\/h3>\r\n        <a class=\"card-post__title_link\" href=\"https:\/\/liid.mgsi.gov.rs\/en\/municipality-of-titel-receives-the-most-advanced-energy-efficient-public-lighting-system\/\"><h3\r\n                    class=\"card-post__title\">Municipality of Titel Receives the most advanced Energy-Efficient Public Lighting System<\/h3><\/a>\r\n        <div class=\"card-post__excerpt\"><p>The project \u201cInstallation of Energy-Efficient Light Sources in the Public Lighting System in the Municipality of Titel\u201d has been successfully implemented with the aim of modernizing the existing public lighting system by replacing outdated and energy-inefficient luminaires with modern LED technology. As part of the project, 1,794 LED streetlights were installed across the municipality, equipped [&hellip;]<\/p>\n<\/div>\r\n        <a class=\"btn btn-orange\" href=\"https:\/\/liid.mgsi.gov.rs\/en\/municipality-of-titel-receives-the-most-advanced-energy-efficient-public-lighting-system\/\">\r\n            Read more            <svg xmlns=\"http:\/\/www.w3.org\/2000\/svg\" width=\"59\" height=\"17\" viewBox=\"0 0 59 17\" fill=\"none\">\r\n                <rect x=\"-0.25\" y=\"0.25\" width=\"57.5\" height=\"0.5\" transform=\"matrix(-1 0 0 1 57.6149 8.06323)\"\r\n                      fill=\"#D9D9D9\" stroke=\"#F15B2B\" stroke-width=\"0.5\"\/>\r\n                <path d=\"M51.9282 1.06323L57.7282 8.56323L51.9282 16.0632\" stroke=\"#F15B2B\"\/>\r\n            <\/svg>\r\n        <\/a>\r\n    <\/div>\r\n<\/article>\r\n\r\n\r\n\r\n\r\n<article class=\"card-post \">\r\n    <img decoding=\"async\" class=\"card-post__img\"\r\n         src=\"https:\/\/liid.mgsi.gov.rs\/wp-content\/uploads\/2026\/03\/liid-placeholder-768x496.png\"\r\n         alt=\"\">\r\n    <div class=\"card-post__text\">\r\n        <h3 class=\"card-post__date h4\">26.Mar 2026.<\/h3>\r\n        <a class=\"card-post__title_link\" href=\"https:\/\/liid.mgsi.gov.rs\/en\/municipality-of-petrovac-na-mlavi-receives-the-most-advanced-energy-efficient-public-lighting-system\/\"><h3\r\n                    class=\"card-post__title\">Municipality of Petrovac na Mlavi Receives the most advanced Energy-Efficient Public Lighting System<\/h3><\/a>\r\n        <div class=\"card-post__excerpt\"><p>The project \u201cInstallation of Energy-Efficient Light Sources in the Public Lighting System in the Municipality of Petrovac na Mlavi\u201d has been implemented to modernize the existing public lighting system and improve energy efficiency. As part of the project, outdated and energy-inefficient luminaires were replaced with modern LED solutions, resulting in the installation of 1,592 new [&hellip;]<\/p>\n<\/div>\r\n        <a class=\"btn btn-orange\" href=\"https:\/\/liid.mgsi.gov.rs\/en\/municipality-of-petrovac-na-mlavi-receives-the-most-advanced-energy-efficient-public-lighting-system\/\">\r\n            Read more            <svg xmlns=\"http:\/\/www.w3.org\/2000\/svg\" width=\"59\" height=\"17\" viewBox=\"0 0 59 17\" fill=\"none\">\r\n                <rect x=\"-0.25\" y=\"0.25\" width=\"57.5\" height=\"0.5\" transform=\"matrix(-1 0 0 1 57.6149 8.06323)\"\r\n                      fill=\"#D9D9D9\" stroke=\"#F15B2B\" stroke-width=\"0.5\"\/>\r\n                <path d=\"M51.9282 1.06323L57.7282 8.56323L51.9282 16.0632\" stroke=\"#F15B2B\"\/>\r\n            <\/svg>\r\n        <\/a>\r\n    <\/div>\r\n<\/article>\r\n\r\n\r\n\r\n\r\n<article class=\"card-post \">\r\n    <img decoding=\"async\" class=\"card-post__img\"\r\n         src=\"https:\/\/liid.mgsi.gov.rs\/wp-content\/uploads\/2026\/03\/liid-placeholder-768x496.png\"\r\n         alt=\"\">\r\n    <div class=\"card-post__text\">\r\n        <h3 class=\"card-post__date h4\">26.Mar 2026.<\/h3>\r\n        <a class=\"card-post__title_link\" href=\"https:\/\/liid.mgsi.gov.rs\/en\/the-municipality-of-despotovac-has-received-the-most-advanced-energy-efficient-public-lighting-system\/\"><h3\r\n                    class=\"card-post__title\">Municipality of Despotovac has received the most advanced energy-efficient public lighting system<\/h3><\/a>\r\n        <div class=\"card-post__excerpt\"><p>The project \u201cInstallation of Energy-Efficient Light Sources in the Public Lighting System in the Municipality of Despotovac\u201d has been implemented to improve traffic safety by illuminating key roadways. Through the introduction of state-of-the-art LED luminaires, significant energy savings have been achieved, amounting to as much as 63% compared to previous electricity consumption. The implementation of [&hellip;]<\/p>\n<\/div>\r\n        <a class=\"btn btn-orange\" href=\"https:\/\/liid.mgsi.gov.rs\/en\/the-municipality-of-despotovac-has-received-the-most-advanced-energy-efficient-public-lighting-system\/\">\r\n            Read more            <svg xmlns=\"http:\/\/www.w3.org\/2000\/svg\" width=\"59\" height=\"17\" viewBox=\"0 0 59 17\" fill=\"none\">\r\n                <rect x=\"-0.25\" y=\"0.25\" width=\"57.5\" height=\"0.5\" transform=\"matrix(-1 0 0 1 57.6149 8.06323)\"\r\n                      fill=\"#D9D9D9\" stroke=\"#F15B2B\" stroke-width=\"0.5\"\/>\r\n                <path d=\"M51.9282 1.06323L57.7282 8.56323L51.9282 16.0632\" stroke=\"#F15B2B\"\/>\r\n            <\/svg>\r\n        <\/a>\r\n    <\/div>\r\n<\/article>\r\n\r\n\r\n\r\n\r\n<article class=\"card-post \">\r\n    <img decoding=\"async\" class=\"card-post__img\"\r\n         src=\"https:\/\/liid.mgsi.gov.rs\/wp-content\/uploads\/2025\/12\/slika_1_3-768x512.jpeg\"\r\n         alt=\"\">\r\n    <div class=\"card-post__text\">\r\n        <h3 class=\"card-post__date h4\">30.Dec 2025.<\/h3>\r\n        <a class=\"card-post__title_link\" href=\"https:\/\/liid.mgsi.gov.rs\/en\/minister-sofronijevic-signed-contracts-worth-11-7-million-euros-with-representatives-of-15-local-governments\/\"><h3\r\n                    class=\"card-post__title\">Minister Sofronijevi\u0107 signed contracts worth 11.7 million euros with representatives of 15 local governments<\/h3><\/a>\r\n        <div class=\"card-post__excerpt\"><p>Minister of Construction, Transport and Infrastructure Aleksandra Sofronijevi\u0107, in the presence of the Prime Minister of the Republic of Serbia, Prof. Dr. \u0110uro Macuta, signed today with representatives of 15 local governments contracts worth 11.7 million euros on the allocation of grants within the project for the development of local infrastructure and institutional strengthening of [&hellip;]<\/p>\n<\/div>\r\n        <a class=\"btn btn-orange\" href=\"https:\/\/liid.mgsi.gov.rs\/en\/minister-sofronijevic-signed-contracts-worth-11-7-million-euros-with-representatives-of-15-local-governments\/\">\r\n            Read more            <svg xmlns=\"http:\/\/www.w3.org\/2000\/svg\" width=\"59\" height=\"17\" viewBox=\"0 0 59 17\" fill=\"none\">\r\n                <rect x=\"-0.25\" y=\"0.25\" width=\"57.5\" height=\"0.5\" transform=\"matrix(-1 0 0 1 57.6149 8.06323)\"\r\n                      fill=\"#D9D9D9\" stroke=\"#F15B2B\" stroke-width=\"0.5\"\/>\r\n                <path d=\"M51.9282 1.06323L57.7282 8.56323L51.9282 16.0632\" stroke=\"#F15B2B\"\/>\r\n            <\/svg>\r\n        <\/a>\r\n    <\/div>\r\n<\/article>\r\n\r\n\r\n\r\n\r\n<article class=\"card-post \">\r\n    <img decoding=\"async\" class=\"card-post__img\"\r\n         src=\"https:\/\/liid.mgsi.gov.rs\/wp-content\/uploads\/2025\/08\/WhatsApp-Image-2025-08-18-at-18.06.33_1047be21-768x512.jpg\"\r\n         alt=\"\">\r\n    <div class=\"card-post__text\">\r\n        <h3 class=\"card-post__date h4\">18.Aug 2025.<\/h3>\r\n        <a class=\"card-post__title_link\" href=\"https:\/\/liid.mgsi.gov.rs\/en\/sofronijevic-signs-contacts-worth-15-million-euros-with-representatives-of-21-local-governments\/\"><h3\r\n                    class=\"card-post__title\">Sofronijevi\u0107 signs contacts worth 15 million euros with representatives of 21 local governments<\/h3><\/a>\r\n        <div class=\"card-post__excerpt\"><p>The Minister of Construction, Transport and Infrastructure, Aleksandra Sofronijevi\u0107, today signed contracts worth more than 15 million euros with representatives of 21 local governments, for the allocation of non-repayable funds under the Local Infrastructure and Institutional Development Project (LIID). The municipalities involved are Kur\u0161umlija, Lajkovac, Lapovo, Majdanpek, Ba\u010dka Palanka, Ba\u010d, Bela Palanka, Blace, Kragujevac, Lebane, [&hellip;]<\/p>\n<\/div>\r\n        <a class=\"btn btn-orange\" href=\"https:\/\/liid.mgsi.gov.rs\/en\/sofronijevic-signs-contacts-worth-15-million-euros-with-representatives-of-21-local-governments\/\">\r\n            Read more            <svg xmlns=\"http:\/\/www.w3.org\/2000\/svg\" width=\"59\" height=\"17\" viewBox=\"0 0 59 17\" fill=\"none\">\r\n                <rect x=\"-0.25\" y=\"0.25\" width=\"57.5\" height=\"0.5\" transform=\"matrix(-1 0 0 1 57.6149 8.06323)\"\r\n                      fill=\"#D9D9D9\" stroke=\"#F15B2B\" stroke-width=\"0.5\"\/>\r\n                <path d=\"M51.9282 1.06323L57.7282 8.56323L51.9282 16.0632\" stroke=\"#F15B2B\"\/>\r\n            <\/svg>\r\n        <\/a>\r\n    <\/div>\r\n<\/article>\r\n\r\n\r\n\r\n\r\n<article class=\"card-post \">\r\n    <img decoding=\"async\" class=\"card-post__img\"\r\n         src=\"https:\/\/liid.mgsi.gov.rs\/wp-content\/uploads\/2025\/03\/Novi-Pazar-1-768x353.jpeg\"\r\n         alt=\"\">\r\n    <div class=\"card-post__text\">\r\n        <h3 class=\"card-post__date h4\">14.Mar 2025.<\/h3>\r\n        <a class=\"card-post__title_link\" href=\"https:\/\/liid.mgsi.gov.rs\/en\/novi-pazar-is-strengthening-its-infrastructure-with-the-support-of-the-liid-project\/\"><h3\r\n                    class=\"card-post__title\">Novi Pazar is strengthening its infrastructure with the support of the LIID project<\/h3><\/a>\r\n        <div class=\"card-post__excerpt\"><p>Representatives of the Ministry of Construction, Transport and Infrastructure, the French Development Agency and the World Bank visited Novi Pazar, which received grants in the amount of three million euros for the implementation of capital projects within the framework of the Local Infrastructure Development and Institutional Strengthening Project (LIID project). The representatives of JUP LIID [&hellip;]<\/p>\n<\/div>\r\n        <a class=\"btn btn-orange\" href=\"https:\/\/liid.mgsi.gov.rs\/en\/novi-pazar-is-strengthening-its-infrastructure-with-the-support-of-the-liid-project\/\">\r\n            Read more            <svg xmlns=\"http:\/\/www.w3.org\/2000\/svg\" width=\"59\" height=\"17\" viewBox=\"0 0 59 17\" fill=\"none\">\r\n                <rect x=\"-0.25\" y=\"0.25\" width=\"57.5\" height=\"0.5\" transform=\"matrix(-1 0 0 1 57.6149 8.06323)\"\r\n                      fill=\"#D9D9D9\" stroke=\"#F15B2B\" stroke-width=\"0.5\"\/>\r\n                <path d=\"M51.9282 1.06323L57.7282 8.56323L51.9282 16.0632\" stroke=\"#F15B2B\"\/>\r\n            <\/svg>\r\n        <\/a>\r\n    <\/div>\r\n<\/article>\r\n\r\n\r\n\r\n\r\n<article class=\"card-post \">\r\n    <img decoding=\"async\" class=\"card-post__img\"\r\n         src=\"https:\/\/liid.mgsi.gov.rs\/wp-content\/uploads\/2025\/03\/Leskovac-1-768x576.jpg\"\r\n         alt=\"\">\r\n    <div class=\"card-post__text\">\r\n        <h3 class=\"card-post__date h4\">14.Mar 2025.<\/h3>\r\n        <a class=\"card-post__title_link\" href=\"https:\/\/liid.mgsi.gov.rs\/en\/3-2-million-euros-for-the-realization-of-the-liid-project-in-leskovac\/\"><h3\r\n                    class=\"card-post__title\">3.2 million euros for the realization of the LIID project in Leskovac<\/h3><\/a>\r\n        <div class=\"card-post__excerpt\"><p>As part of the local infrastructure development and institutional strengthening of local self-governments project (LIID project), implemented by the Ministry of Construction, Transport and Infrastructure of the Republic of Serbia, the French Development Agency and the World Bank, 3.2 million euros have been allocated to the city of Leskovac. Leskovac is one of 145 units [&hellip;]<\/p>\n<\/div>\r\n        <a class=\"btn btn-orange\" href=\"https:\/\/liid.mgsi.gov.rs\/en\/3-2-million-euros-for-the-realization-of-the-liid-project-in-leskovac\/\">\r\n            Read more            <svg xmlns=\"http:\/\/www.w3.org\/2000\/svg\" width=\"59\" height=\"17\" viewBox=\"0 0 59 17\" fill=\"none\">\r\n                <rect x=\"-0.25\" y=\"0.25\" width=\"57.5\" height=\"0.5\" transform=\"matrix(-1 0 0 1 57.6149 8.06323)\"\r\n                      fill=\"#D9D9D9\" stroke=\"#F15B2B\" stroke-width=\"0.5\"\/>\r\n                <path d=\"M51.9282 1.06323L57.7282 8.56323L51.9282 16.0632\" stroke=\"#F15B2B\"\/>\r\n            <\/svg>\r\n        <\/a>\r\n    <\/div>\r\n<\/article>\r\n\r\n\r\n\r\n<nav class=\"pagination\"><a href=\"#\" class=\"page-numbers active\" data-page=\"1\">1<\/a><a href=\"#\"class=\"page-numbers\" data-page=\"2\">2<\/a><a href=\"#\" class=\"next\" data-page=\"2\"><svg xmlns=\"http:\/\/www.w3.org\/2000\/svg\" width=\"10\" height=\"18\" viewBox=\"0 0 10 18\" fill=\"none\">\n<path d=\"M1 1L9 9L1 17\" stroke=\"#201E1F\"\/>\n<\/svg><\/a><\/nav>    <\/div>\n  <\/div>\n<\/section>\n\n<script>\njQuery(function($){\n  const $holder = $('.archive-posts__holder');\n  const pageId  = $holder.data('page-id');\n  const nonce   = '24de46f3a6';\n\n  $(document).on('click', '.archive-posts__holder .pagination a', function(e){\n    e.preventDefault();\n    const page = parseInt($(this).data('page'), 10);\n    if (!page || !pageId) return;\n\n    $.ajax({\n      url: 'https:\/\/liid.mgsi.gov.rs\/wp-admin\/admin-ajax.php',\n      type: 'POST',\n      dataType: 'json',\n      data: {\n        action: 'load_paginated_posts',\n        paged: page,\n        page_id: pageId,\n        nonce: nonce\n      },\n      beforeSend: function(){ $holder.addClass('is-loading'); },\n      success: function(res){\n        if (res && res.success && res.data && res.data.html){\n          $holder.html(res.data.html);\n        } else {\n          console.warn('Bad response', res);\n        }\n      },\n      complete: function(){ $holder.removeClass('is-loading'); }\n    });\n  });\n});\n<\/script>\n\n","protected":false},"excerpt":{"rendered":"","protected":false},"author":1,"featured_media":0,"parent":0,"menu_order":0,"comment_status":"closed","ping_status":"closed","template":"","meta":{"_acf_changed":false,"inline_featured_image":false,"footnotes":""},"class_list":["post-1090","page","type-page","status-publish","hentry"],"acf":[],"_links":{"self":[{"href":"https:\/\/liid.mgsi.gov.rs\/en\/wp-json\/wp\/v2\/pages\/1090","targetHints":{"allow":["GET"]}}],"collection":[{"href":"https:\/\/liid.mgsi.gov.rs\/en\/wp-json\/wp\/v2\/pages"}],"about":[{"href":"https:\/\/liid.mgsi.gov.rs\/en\/wp-json\/wp\/v2\/types\/page"}],"author":[{"embeddable":true,"href":"https:\/\/liid.mgsi.gov.rs\/en\/wp-json\/wp\/v2\/users\/1"}],"replies":[{"embeddable":true,"href":"https:\/\/liid.mgsi.gov.rs\/en\/wp-json\/wp\/v2\/comments?post=1090"}],"version-history":[{"count":3,"href":"https:\/\/liid.mgsi.gov.rs\/en\/wp-json\/wp\/v2\/pages\/1090\/revisions"}],"predecessor-version":[{"id":1770,"href":"https:\/\/liid.mgsi.gov.rs\/en\/wp-json\/wp\/v2\/pages\/1090\/revisions\/1770"}],"wp:attachment":[{"href":"https:\/\/liid.mgsi.gov.rs\/en\/wp-json\/wp\/v2\/media?parent=1090"}],"curies":[{"name":"wp","href":"https:\/\/api.w.org\/{rel}","templated":true}]}}